{"id":44,"date":"2025-04-17T20:51:11","date_gmt":"2025-04-17T20:51:11","guid":{"rendered":"https:\/\/thycyklering.dk\/?page_id=44"},"modified":"2025-04-21T20:48:35","modified_gmt":"2025-04-21T20:48:35","slug":"bliv-cykelrytter-i-tcr","status":"publish","type":"page","link":"https:\/\/thycyklering.dk\/?page_id=44","title":{"rendered":"Bliv cykelrytter i TCR"},"content":{"rendered":"\n<p>Hvorn\u00e5r kan jeg starte og hvordan kommer jeg igang?<\/p>\n\n\n\n<p>Hvilket udstyr skal du have for at komme igang?<\/p>\n\n\n\n<p>Tr\u00e6ning, b\u00e5de i klubben og solo<\/p>\n\n\n\n<p>Hvad koster det at k\u00f8re cykell\u00f8b?<\/p>\n\n\n\n<p>Kan jeg l\u00e5ne en cykel?<\/p>\n","protected":false},"excerpt":{"rendered":"<p>Hvorn\u00e5r kan jeg starte og hvordan kommer jeg igang? Hvilket udstyr skal du have for at komme igang? Tr\u00e6ning, b\u00e5de i klubben og solo Hvad koster det at k\u00f8re cykell\u00f8b? Kan jeg l\u00e5ne en cykel?<\/p>\n","protected":false},"author":1,"featured_media":0,"parent":0,"menu_order":0,"comment_status":"closed","ping_status":"closed","template":"","meta":{"footnotes":""},"class_list":["post-44","page","type-page","status-publish","hentry"],"_links":{"self":[{"href":"https:\/\/thycyklering.dk\/index.php?rest_route=\/wp\/v2\/pages\/44","targetHints":{"allow":["GET"]}}],"collection":[{"href":"https:\/\/thycyklering.dk\/index.php?rest_route=\/wp\/v2\/pages"}],"about":[{"href":"https:\/\/thycyklering.dk\/index.php?rest_route=\/wp\/v2\/types\/page"}],"author":[{"embeddable":true,"href":"https:\/\/thycyklering.dk\/index.php?rest_route=\/wp\/v2\/users\/1"}],"replies":[{"embeddable":true,"href":"https:\/\/thycyklering.dk\/index.php?rest_route=%2Fwp%2Fv2%2Fcomments&post=44"}],"version-history":[{"count":2,"href":"https:\/\/thycyklering.dk\/index.php?rest_route=\/wp\/v2\/pages\/44\/revisions"}],"predecessor-version":[{"id":157,"href":"https:\/\/thycyklering.dk\/index.php?rest_route=\/wp\/v2\/pages\/44\/revisions\/157"}],"wp:attachment":[{"href":"https:\/\/thycyklering.dk\/index.php?rest_route=%2Fwp%2Fv2%2Fmedia&parent=44"}],"curies":[{"name":"wp","href":"https:\/\/api.w.org\/{rel}","templated":true}]}}