{"id":39,"date":"2025-04-17T10:17:30","date_gmt":"2025-04-17T10:17:30","guid":{"rendered":"https:\/\/thycyklering.dk\/?page_id=39"},"modified":"2025-10-20T18:25:10","modified_gmt":"2025-10-20T18:25:10","slug":"velkommen","status":"publish","type":"page","link":"https:\/\/thycyklering.dk\/?page_id=39","title":{"rendered":"Velkommen"},"content":{"rendered":"\n<p>Thy Cykle Ring &#8230;..<\/p>\n\n\n\n<p><strong>Sparekassen Thy L\u00f8bet<\/strong> og <strong>3 Dage i Nord<\/strong>:\u00a0Klubben arrangerer hvert \u00e5r Sparekassen Thy L\u00f8bet som er en del cykell\u00f8bsserien &#8220;3 Dage i Nord&#8221;.<\/p>\n\n\n\n<div class=\"wp-block-buttons is-layout-flex wp-block-buttons-is-layout-flex\">\n<div class=\"wp-block-button\"><a class=\"wp-block-button__link wp-element-button\" href=\"https:\/\/www.facebook.com\/ThyCykleRing\/\">Facebook<\/a><\/div>\n<\/div>\n","protected":false},"excerpt":{"rendered":"<p>Thy Cykle Ring &#8230;.. Sparekassen Thy L\u00f8bet og 3 Dage i Nord:\u00a0Klubben arrangerer hvert \u00e5r Sparekassen Thy L\u00f8bet som er en del cykell\u00f8bsserien &#8220;3 Dage i Nord&#8221;.<\/p>\n","protected":false},"author":1,"featured_media":0,"parent":0,"menu_order":0,"comment_status":"closed","ping_status":"closed","template":"","meta":{"footnotes":""},"class_list":["post-39","page","type-page","status-publish","hentry"],"_links":{"self":[{"href":"https:\/\/thycyklering.dk\/index.php?rest_route=\/wp\/v2\/pages\/39","targetHints":{"allow":["GET"]}}],"collection":[{"href":"https:\/\/thycyklering.dk\/index.php?rest_route=\/wp\/v2\/pages"}],"about":[{"href":"https:\/\/thycyklering.dk\/index.php?rest_route=\/wp\/v2\/types\/page"}],"author":[{"embeddable":true,"href":"https:\/\/thycyklering.dk\/index.php?rest_route=\/wp\/v2\/users\/1"}],"replies":[{"embeddable":true,"href":"https:\/\/thycyklering.dk\/index.php?rest_route=%2Fwp%2Fv2%2Fcomments&post=39"}],"version-history":[{"count":7,"href":"https:\/\/thycyklering.dk\/index.php?rest_route=\/wp\/v2\/pages\/39\/revisions"}],"predecessor-version":[{"id":175,"href":"https:\/\/thycyklering.dk\/index.php?rest_route=\/wp\/v2\/pages\/39\/revisions\/175"}],"wp:attachment":[{"href":"https:\/\/thycyklering.dk\/index.php?rest_route=%2Fwp%2Fv2%2Fmedia&parent=39"}],"curies":[{"name":"wp","href":"https:\/\/api.w.org\/{rel}","templated":true}]}}